{"id":271,"date":"2018-11-27T09:16:54","date_gmt":"2018-11-27T09:16:54","guid":{"rendered":"https:\/\/oliveoilredfairytale.si\/?page_id=271"},"modified":"2026-03-03T18:13:12","modified_gmt":"2026-03-03T17:13:12","slug":"home","status":"publish","type":"page","link":"https:\/\/oliveoilredfairytale.si\/sl\/","title":{"rendered":"O NAS"},"content":{"rendered":"<h4>\n\t\t\t\t\tExtra devi\u0161ko olj\u010dno olje\n\t\t\t\t<\/h4>\n\t\t\t<h1>\n\t\t\t\t\tIZDELANO Z LJUBEZNIJO\n\t\t\t\t<\/h1>\n\t\t\t<h2>\n\t\t\t\t\tV SLOVENSKI ISTRI\n\t\t\t\t<\/h2>\n\t\t\t<a href=\"https:\/\/oliveoilredfairytale.si\/sl\/the-story\/\" target=\"_self\"  role=\"button\">\n\t\t\t\t\t\tNA\u0160A ZGODBA\n\t\t<\/a>\n\t\t\t<h4>\n\t\t\t\t\t&#8220;Since 1880, our family has been taking care of our vineyards and olive groves in the small village of Marezige, at the very heart of Slovenian Istria, with devotion, perseverance, love and deep respect for our land .&#8221;\n\t\t\t\t<\/h4>\n\t\t\t<p>&#8211; \u010cehovin family<\/p>\n\t\t\t<h2>\n\t\t\t\t\tna\u0161i izdelki\n\t\t\t\t<\/h2>\n\t\t\t\t<img decoding=\"async\" src=\"https:\/\/oliveoilredfairytale.si\/wp-content\/uploads\/2025\/01\/foto_etiketa_olje_preziosa_clementina_05.jpg\" alt=\"foto_etiketa_olje_preziosa_clementina_05\" itemprop=\"image\"\/>\n\t\t<h2>\n\t\tCLEMENTINA\n\t<\/h2>\n\t\t\t<h3>\n\t\t\t\t\textra devi\u0161ko olj\u010dno olje\n\t\t\t\t<\/h3>\n\t\t\t<p>Izbor najbolj\u0161ih plodov s katerimi nas son\u010dni \u017earki v Istri obdarujejo skozi vso leto.<\/p>\n\t\t\t<a href=\"https:\/\/oliveoilredfairytale.si\/sl\/products\/#clementina\" target=\"_self\"  role=\"button\">\n\t\t\t\t\t\tIzvedi ve\u010d\n\t\t<\/a>\n\t\t\t\t<img decoding=\"async\" src=\"https:\/\/oliveoilredfairytale.si\/wp-content\/uploads\/2025\/01\/foto_etiketa_olje_preziosa_belica_05.jpg\" alt=\"foto_etiketa_olje_preziosa_belica_05\" itemprop=\"image\"\/>\n\t\t<h2>\n\t\tBELICA\n\t<\/h2>\n\t\t\t<h3>\n\t\t\t\t\textra devi\u0161ko olj\u010dno olje\n\t\t\t\t<\/h3>\n\t\t\t<p>Mo\u010dan okus, ki ga odli\u010dno uravnovesijo sve\u017eina in sadnost ter zna\u010dilna aroma sve\u017ee poko\u0161ene trave.<\/p>\n\t\t\t<a href=\"https:\/\/oliveoilredfairytale.si\/sl\/products\/#belica\" target=\"_self\"  role=\"button\">\n\t\t\t\t\t\tIzvedi ve\u010d\n\t\t<\/a>\n\t\t\t\t<img loading=\"lazy\" decoding=\"async\" src=\"https:\/\/oliveoilredfairytale.si\/wp-content\/uploads\/2025\/01\/foto_etiketa_olje_preziosa_cuvee_05.jpg\" alt=\"foto_etiketa_olje_preziosa_cuvee_05\" itemprop=\"image\" height=\"2469\" width=\"1816\" title=\"foto_etiketa_olje_preziosa_cuvee_05\" onerror=\"this.style.display='none'\"  \/>\n<h2>\n\t\tCUV\u00c9E\n\t<\/h2>\n\t\t\t<h3>\n\t\t\t\t\textra devi\u0161ko olj\u010dno olje\n\t\t\t\t<\/h3>\n\t\t\t<p>Izbor najbolj\u0161ih istrskih belic z visoko stopnjo antioksidantov, katerim pridru\u017euje \u0161e leccino z okusom sladkih mandljev.<\/p>\n\t\t\t<a href=\"https:\/\/oliveoilredfairytale.si\/sl\/products\/#cuvee\" target=\"_self\"  role=\"button\">\n\t\t\t\t\t\tIzvedi ve\u010d\n\t\t<\/a>\n\t\t\t\t<img loading=\"lazy\" decoding=\"async\" src=\"https:\/\/oliveoilredfairytale.si\/wp-content\/uploads\/2023\/11\/products_grozdni_sok.jpg\" alt=\"products_grozdni_sok\" itemprop=\"image\" height=\"1292\" width=\"1103\" title=\"products_grozdni_sok\" onerror=\"this.style.display='none'\"  \/>\n<h2>\n\t\tGRAPE JUICE\n\t<\/h2>\n\t\t\t<h3>\n\t\t\t\t\t100% naravno\n\t\t\t\t<\/h3>\n\t\t\t<p>Narejen iz grozdja sorte Refo\u0161k, brez dodanega sladkorja in konzervansov. U\u017eivajo ga lahko tako otroci kot odrasli.<\/p>\n\t\t\t<a href=\"https:\/\/oliveoilredfairytale.si\/sl\/products\/#grapejuice\" target=\"_self\"  role=\"button\">\n\t\t\t\t\t\tIzvedi ve\u010d\n\t\t<\/a>\n\t\t\t\t<img loading=\"lazy\" decoding=\"async\" src=\"https:\/\/oliveoilredfairytale.si\/wp-content\/uploads\/2025\/02\/products_olive_ascolana1.jpg\" alt=\"products_olive_ascolana1\" itemprop=\"image\" height=\"1292\" width=\"1104\" title=\"products_olive_ascolana1\" onerror=\"this.style.display='none'\"  \/>\n<h2>\n\t\tASCOLANA\n\t<\/h2>\n\t\t\t<h3>\n\t\t\t\t\tdoma\u010de olive v slanici\n\t\t\t\t<\/h3>\n\t\t\t<p>Outstanding taste and a meaty, crunchy texture. They&#8217;re a perfect match for Istrian snacks!<\/p>\n\t\t\t<a href=\"https:\/\/oliveoilredfairytale.si\/sl\/products\/#ascolana\" target=\"_self\"  role=\"button\">\n\t\t\t\t\t\tIzvedi ve\u010d\n\t\t<\/a>\n\t\t\t\t<img loading=\"lazy\" decoding=\"async\" src=\"https:\/\/oliveoilredfairytale.si\/wp-content\/uploads\/2025\/02\/products_olive_storta1.jpg\" alt=\"products_olive_storta1\" itemprop=\"image\" height=\"1292\" width=\"1104\" title=\"products_olive_storta1\" onerror=\"this.style.display='none'\"  \/>\n<h2>\n\t\t\u0160TORTA\n\t<\/h2>\n\t\t\t<h3>\n\t\t\t\t\tdoma\u010de olive v slanici\n\t\t\t\t<\/h3>\n\t\t\t<p>Vskekor je v okusu prvakinja vlo\u017eenih oljk, njen okus se prile\u017ee v vseh kombinacijah razvajanj.<\/p>\n\t\t\t<a href=\"https:\/\/oliveoilredfairytale.si\/sl\/products\/#storta\" target=\"_self\"  role=\"button\">\n\t\t\t\t\t\tIzvedi ve\u010d\n\t\t<\/a>\n\t\t\t<h2>\n\t\t\t\t\tOKUSITE EDINSTVENO DO\u017dIVETJE\n\t\t\t\t<\/h2>\n\t\t\t<p><strong>Vodena degustacija olj\u010dnega olja z aperitivi in obisk na\u0161ih olj\u010dnih nasadov. Okusite na\u0161e ekstra devi\u0161ko olj\u010dno olje in ob\u010dudujte \u010dudovito pokrajino, ki jo sestavljajo stari nasadi z gorami in hribi v majhni vasici Marezige.<\/strong><\/p>\n\t\t\t<a href=\"https:\/\/oliveoilredfairytale.si\/sl\/tasting\/\" target=\"_self\"  role=\"button\">\n\t\t\t\t\t\t\u017dELIM POSKUSITI\n\t\t<\/a>\n\t\t\t<h2>\n\t\t\t\t\tNA\u0160I DOSE\u017dKI SKOZI LETA\n\t\t\t\t<\/h2>\n\t\t\t<p>S svojimi izdelki sodelujemo na razli\u010dnih festivalih in tekmovanjih. Ponosni smo na to, kar smo dosegli do zdaj.<\/p>\n\t\t\t<a href=\"https:\/\/oliveoilredfairytale.si\/sl\/awards\/\" target=\"_self\"  role=\"button\">\n\t\t\t\t\t\tOGLEJTE SI VSE NAGRADE\n\t\t<\/a>\n\t\t\t\t<img loading=\"lazy\" decoding=\"async\" src=\"https:\/\/oliveoilredfairytale.si\/wp-content\/uploads\/2023\/11\/awards-1.png\" alt=\"awards\" itemprop=\"image\" height=\"3486\" width=\"2470\" title=\"awards\" onerror=\"this.style.display='none'\"  \/>\n\t\t\t<h2>\n\t\t\t\t\tPotrebujete preno\u010di\u0161\u010de?\n\t\t\t\t<\/h2>\n\t\t\t<p><strong>Na\u0161a turisti\u010dna kmetija ima 3 apartmaje sredi narave s spro\u0161\u010dujo\u010dim pogledom na na\u0161a vinogradni\u0161ka polja in okoli\u0161ke istrske hi\u0161e v zna\u010dilnem kamnitem istrskem slogu.<\/strong><\/p>\n\t\t\t<a href=\"https:\/\/oliveoilredfairytale.si\/sl\/tourist-farm\/\" target=\"_self\"  role=\"button\">\n\t\t\t\t\t\tlet&#8217;s go\n\t\t<\/a>\n\t\t\t<h2>\n\t\t\t\t\tNa\u0161i gostje o nas\n\t\t\t\t<\/h2>","protected":false},"excerpt":{"rendered":"<p>Extra virgin olive oil MADE WITH LOVE IN SLOVENIAN ISTRIA OUR STORY &#8220;Since 1880, our family has been taking care of our vineyards and olive groves in the small village of Marezige, at the very heart of Slovenian Istria, with devotion, perseverance, love and deep respect for our land .&#8221; &#8211; \u010cehovin family OUR PRODUCTS &hellip;<\/p>\n<p class=\"read-more\"> <a class=\"\" href=\"https:\/\/oliveoilredfairytale.si\/sl\/\"> <span class=\"screen-reader-text\">O NAS<\/span> Read More \u00bb<\/a><\/p>","protected":false},"author":2,"featured_media":0,"parent":0,"menu_order":0,"comment_status":"closed","ping_status":"closed","template":"","meta":{"site-sidebar-layout":"no-sidebar","site-content-layout":"page-builder","ast-site-content-layout":"full-width-container","site-content-style":"unboxed","site-sidebar-style":"unboxed","ast-global-header-display":"","ast-banner-title-visibility":"","ast-main-header-display":"","ast-hfb-above-header-display":"","ast-hfb-below-header-display":"","ast-hfb-mobile-header-display":"","site-post-title":"disabled","ast-breadcrumbs-content":"","ast-featured-img":"disabled","footer-sml-layout":"","theme-transparent-header-meta":"enabled","adv-header-id-meta":"","stick-header-meta":"","header-above-stick-meta":"","header-main-stick-meta":"","header-below-stick-meta":"","astra-migrate-meta-layouts":"set","ast-page-background-enabled":"default","ast-page-background-meta":{"desktop":{"background-color":"","background-image":"","background-repeat":"repeat","background-position":"center center","background-size":"auto","background-attachment":"scroll","background-type":"","background-media":"","overlay-type":"","overlay-color":"","overlay-gradient":""},"tablet":{"background-color":"","background-image":"","background-repeat":"repeat","background-position":"center center","background-size":"auto","background-attachment":"scroll","background-type":"","background-media":"","overlay-type":"","overlay-color":"","overlay-gradient":""},"mobile":{"background-color":"","background-image":"","background-repeat":"repeat","background-position":"center center","background-size":"auto","background-attachment":"scroll","background-type":"","background-media":"","overlay-type":"","overlay-color":"","overlay-gradient":""}},"ast-content-background-meta":{"desktop":{"background-color":"var(--ast-global-color-5)","background-image":"","background-repeat":"repeat","background-position":"center center","background-size":"auto","background-attachment":"scroll","background-type":"","background-media":"","overlay-type":"","overlay-color":"","overlay-gradient":""},"tablet":{"background-color":"var(--ast-global-color-5)","background-image":"","background-repeat":"repeat","background-position":"center center","background-size":"auto","background-attachment":"scroll","background-type":"","background-media":"","overlay-type":"","overlay-color":"","overlay-gradient":""},"mobile":{"background-color":"var(--ast-global-color-5)","background-image":"","background-repeat":"repeat","background-position":"center center","background-size":"auto","background-attachment":"scroll","background-type":"","background-media":"","overlay-type":"","overlay-color":"","overlay-gradient":""}},"_themeisle_gutenberg_block_has_review":false,"footnotes":""},"class_list":["post-271","page","type-page","status-publish","hentry"],"yoast_head":"<!-- This site is optimized with the Yoast SEO Premium plugin v20.3 (Yoast SEO v26.6) - https:\/\/yoast.com\/wordpress\/plugins\/seo\/ -->\n<title>ABOUT US - Olive oil RED FAIRYTALE<\/title>\n<meta name=\"robots\" content=\"noindex, follow, max-snippet:-1, max-image-preview:large, max-video-preview:-1\" \/>\n<meta property=\"og:locale\" content=\"sl_SI\" \/>\n<meta property=\"og:type\" content=\"article\" \/>\n<meta property=\"og:title\" content=\"ABOUT US\" \/>\n<meta property=\"og:description\" content=\"Extra virgin olive oil MADE WITH LOVE IN SLOVENIAN ISTRIA OUR STORY &#8220;Since 1880, our family has been taking care of our vineyards and olive groves in the small village of Marezige, at the very heart of Slovenian Istria, with devotion, perseverance, love and deep respect for our land .&#8221; &#8211; \u010cehovin family OUR PRODUCTS &hellip; ABOUT US Read More \u00bb\" \/>\n<meta property=\"og:url\" content=\"https:\/\/oliveoilredfairytale.si\/sl\/\" \/>\n<meta property=\"og:site_name\" content=\"Olive oil RED FAIRYTALE\" \/>\n<meta property=\"article:publisher\" content=\"https:\/\/www.facebook.com\/oliveOiLredFairytale\" \/>\n<meta property=\"article:modified_time\" content=\"2026-03-03T17:13:12+00:00\" \/>\n<meta property=\"og:image\" content=\"https:\/\/oliveoilredfairytale.si\/wp-content\/uploads\/2025\/01\/foto_etiketa_olje_preziosa_clementina_05.jpg\" \/>\n<meta name=\"twitter:card\" content=\"summary_large_image\" \/>\n<meta name=\"twitter:site\" content=\"@oliveoilredfairytale\" \/>\n<meta name=\"twitter:label1\" content=\"Est. reading time\" \/>\n\t<meta name=\"twitter:data1\" content=\"19 minut\" \/>\n<script type=\"application\/ld+json\" class=\"yoast-schema-graph\">{\"@context\":\"https:\/\/schema.org\",\"@graph\":[{\"@type\":\"WebPage\",\"@id\":\"https:\/\/oliveoilredfairytale.si\/\",\"url\":\"https:\/\/oliveoilredfairytale.si\/\",\"name\":\"ABOUT US - Olive oil RED FAIRYTALE\",\"isPartOf\":{\"@id\":\"https:\/\/oliveoilredfairytale.si\/#website\"},\"primaryImageOfPage\":{\"@id\":\"https:\/\/oliveoilredfairytale.si\/#primaryimage\"},\"image\":{\"@id\":\"https:\/\/oliveoilredfairytale.si\/#primaryimage\"},\"thumbnailUrl\":\"https:\/\/oliveoilredfairytale.si\/wp-content\/uploads\/2025\/01\/foto_etiketa_olje_preziosa_clementina_05.jpg\",\"datePublished\":\"2018-11-27T09:16:54+00:00\",\"dateModified\":\"2026-03-03T17:13:12+00:00\",\"breadcrumb\":{\"@id\":\"https:\/\/oliveoilredfairytale.si\/#breadcrumb\"},\"inLanguage\":\"sl-SI\",\"potentialAction\":[{\"@type\":\"ReadAction\",\"target\":[\"https:\/\/oliveoilredfairytale.si\/\"]}]},{\"@type\":\"ImageObject\",\"inLanguage\":\"sl-SI\",\"@id\":\"https:\/\/oliveoilredfairytale.si\/#primaryimage\",\"url\":\"https:\/\/oliveoilredfairytale.si\/wp-content\/uploads\/2025\/01\/foto_etiketa_olje_preziosa_clementina_05.jpg\",\"contentUrl\":\"https:\/\/oliveoilredfairytale.si\/wp-content\/uploads\/2025\/01\/foto_etiketa_olje_preziosa_clementina_05.jpg\"},{\"@type\":\"BreadcrumbList\",\"@id\":\"https:\/\/oliveoilredfairytale.si\/#breadcrumb\",\"itemListElement\":[{\"@type\":\"ListItem\",\"position\":1,\"name\":\"Home\",\"item\":\"https:\/\/oliveoilredfairytale.si\/\"},{\"@type\":\"ListItem\",\"position\":2,\"name\":\"ABOUT US\"}]},{\"@type\":\"WebSite\",\"@id\":\"https:\/\/oliveoilredfairytale.si\/#website\",\"url\":\"https:\/\/oliveoilredfairytale.si\/\",\"name\":\"Olive oil RED FAIRYTALE\",\"description\":\"Olive oil RED FAIRYTALE\",\"publisher\":{\"@id\":\"https:\/\/oliveoilredfairytale.si\/#organization\"},\"potentialAction\":[{\"@type\":\"SearchAction\",\"target\":{\"@type\":\"EntryPoint\",\"urlTemplate\":\"https:\/\/oliveoilredfairytale.si\/?s={search_term_string}\"},\"query-input\":{\"@type\":\"PropertyValueSpecification\",\"valueRequired\":true,\"valueName\":\"search_term_string\"}}],\"inLanguage\":\"sl-SI\"},{\"@type\":\"Organization\",\"@id\":\"https:\/\/oliveoilredfairytale.si\/#organization\",\"name\":\"Olive oil RED FAIRYTALE\",\"url\":\"https:\/\/oliveoilredfairytale.si\/\",\"logo\":{\"@type\":\"ImageObject\",\"inLanguage\":\"sl-SI\",\"@id\":\"https:\/\/oliveoilredfairytale.si\/#\/schema\/logo\/image\/\",\"url\":\"https:\/\/oliveoilredfairytale.si\/wp-content\/uploads\/2026\/02\/RedFairytale-Olive-oil_-Slovenian-Istra.png\",\"contentUrl\":\"https:\/\/oliveoilredfairytale.si\/wp-content\/uploads\/2026\/02\/RedFairytale-Olive-oil_-Slovenian-Istra.png\",\"width\":2328,\"height\":404,\"caption\":\"Olive oil RED FAIRYTALE\"},\"image\":{\"@id\":\"https:\/\/oliveoilredfairytale.si\/#\/schema\/logo\/image\/\"},\"sameAs\":[\"https:\/\/www.facebook.com\/oliveOiLredFairytale\",\"https:\/\/x.com\/oliveoilredfairytale\"]}]}<\/script>\n<!-- \/ Yoast SEO Premium plugin. -->","yoast_head_json":{"title":"ABOUT US - Olive oil RED FAIRYTALE","robots":{"index":"noindex","follow":"follow","max-snippet":"max-snippet:-1","max-image-preview":"max-image-preview:large","max-video-preview":"max-video-preview:-1"},"og_locale":"sl_SI","og_type":"article","og_title":"ABOUT US","og_description":"Extra virgin olive oil MADE WITH LOVE IN SLOVENIAN ISTRIA OUR STORY &#8220;Since 1880, our family has been taking care of our vineyards and olive groves in the small village of Marezige, at the very heart of Slovenian Istria, with devotion, perseverance, love and deep respect for our land .&#8221; &#8211; \u010cehovin family OUR PRODUCTS &hellip; ABOUT US Read More \u00bb","og_url":"https:\/\/oliveoilredfairytale.si\/sl\/","og_site_name":"Olive oil RED FAIRYTALE","article_publisher":"https:\/\/www.facebook.com\/oliveOiLredFairytale","article_modified_time":"2026-03-03T17:13:12+00:00","og_image":[{"url":"https:\/\/oliveoilredfairytale.si\/wp-content\/uploads\/2025\/01\/foto_etiketa_olje_preziosa_clementina_05.jpg","type":"","width":"","height":""}],"twitter_card":"summary_large_image","twitter_site":"@oliveoilredfairytale","twitter_misc":{"Est. reading time":"19 minut"},"schema":{"@context":"https:\/\/schema.org","@graph":[{"@type":"WebPage","@id":"https:\/\/oliveoilredfairytale.si\/","url":"https:\/\/oliveoilredfairytale.si\/","name":"ABOUT US - Olive oil RED FAIRYTALE","isPartOf":{"@id":"https:\/\/oliveoilredfairytale.si\/#website"},"primaryImageOfPage":{"@id":"https:\/\/oliveoilredfairytale.si\/#primaryimage"},"image":{"@id":"https:\/\/oliveoilredfairytale.si\/#primaryimage"},"thumbnailUrl":"https:\/\/oliveoilredfairytale.si\/wp-content\/uploads\/2025\/01\/foto_etiketa_olje_preziosa_clementina_05.jpg","datePublished":"2018-11-27T09:16:54+00:00","dateModified":"2026-03-03T17:13:12+00:00","breadcrumb":{"@id":"https:\/\/oliveoilredfairytale.si\/#breadcrumb"},"inLanguage":"sl-SI","potentialAction":[{"@type":"ReadAction","target":["https:\/\/oliveoilredfairytale.si\/"]}]},{"@type":"ImageObject","inLanguage":"sl-SI","@id":"https:\/\/oliveoilredfairytale.si\/#primaryimage","url":"https:\/\/oliveoilredfairytale.si\/wp-content\/uploads\/2025\/01\/foto_etiketa_olje_preziosa_clementina_05.jpg","contentUrl":"https:\/\/oliveoilredfairytale.si\/wp-content\/uploads\/2025\/01\/foto_etiketa_olje_preziosa_clementina_05.jpg"},{"@type":"BreadcrumbList","@id":"https:\/\/oliveoilredfairytale.si\/#breadcrumb","itemListElement":[{"@type":"ListItem","position":1,"name":"Home","item":"https:\/\/oliveoilredfairytale.si\/"},{"@type":"ListItem","position":2,"name":"ABOUT US"}]},{"@type":"WebSite","@id":"https:\/\/oliveoilredfairytale.si\/#website","url":"https:\/\/oliveoilredfairytale.si\/","name":"Olive oil RED FAIRYTALE","description":"Olive oil RED FAIRYTALE","publisher":{"@id":"https:\/\/oliveoilredfairytale.si\/#organization"},"potentialAction":[{"@type":"SearchAction","target":{"@type":"EntryPoint","urlTemplate":"https:\/\/oliveoilredfairytale.si\/?s={search_term_string}"},"query-input":{"@type":"PropertyValueSpecification","valueRequired":true,"valueName":"search_term_string"}}],"inLanguage":"sl-SI"},{"@type":"Organization","@id":"https:\/\/oliveoilredfairytale.si\/#organization","name":"Olive oil RED FAIRYTALE","url":"https:\/\/oliveoilredfairytale.si\/","logo":{"@type":"ImageObject","inLanguage":"sl-SI","@id":"https:\/\/oliveoilredfairytale.si\/#\/schema\/logo\/image\/","url":"https:\/\/oliveoilredfairytale.si\/wp-content\/uploads\/2026\/02\/RedFairytale-Olive-oil_-Slovenian-Istra.png","contentUrl":"https:\/\/oliveoilredfairytale.si\/wp-content\/uploads\/2026\/02\/RedFairytale-Olive-oil_-Slovenian-Istra.png","width":2328,"height":404,"caption":"Olive oil RED FAIRYTALE"},"image":{"@id":"https:\/\/oliveoilredfairytale.si\/#\/schema\/logo\/image\/"},"sameAs":["https:\/\/www.facebook.com\/oliveOiLredFairytale","https:\/\/x.com\/oliveoilredfairytale"]}]}},"_links":{"self":[{"href":"https:\/\/oliveoilredfairytale.si\/sl\/wp-json\/wp\/v2\/pages\/271","targetHints":{"allow":["GET"]}}],"collection":[{"href":"https:\/\/oliveoilredfairytale.si\/sl\/wp-json\/wp\/v2\/pages"}],"about":[{"href":"https:\/\/oliveoilredfairytale.si\/sl\/wp-json\/wp\/v2\/types\/page"}],"author":[{"embeddable":true,"href":"https:\/\/oliveoilredfairytale.si\/sl\/wp-json\/wp\/v2\/users\/2"}],"replies":[{"embeddable":true,"href":"https:\/\/oliveoilredfairytale.si\/sl\/wp-json\/wp\/v2\/comments?post=271"}],"version-history":[{"count":0,"href":"https:\/\/oliveoilredfairytale.si\/sl\/wp-json\/wp\/v2\/pages\/271\/revisions"}],"wp:attachment":[{"href":"https:\/\/oliveoilredfairytale.si\/sl\/wp-json\/wp\/v2\/media?parent=271"}],"curies":[{"name":"wp","href":"https:\/\/api.w.org\/{rel}","templated":true}]}}